{"id":2633,"date":"2023-11-08T13:43:18","date_gmt":"2023-11-08T12:43:18","guid":{"rendered":"https:\/\/xabianegra.com\/relats-en-centres-educatius"},"modified":"2023-11-08T13:48:24","modified_gmt":"2023-11-08T12:48:24","slug":"relats-en-centres-educatius","status":"publish","type":"page","link":"https:\/\/xabianegra.com\/ca\/relats-en-centres-educatius","title":{"rendered":"Relats en centres educatius"},"content":{"rendered":"\t\t<div data-elementor-type=\"wp-page\" data-elementor-id=\"2633\" class=\"elementor elementor-2633\" data-elementor-post-type=\"page\">\n\t\t\t\t\t\t<section class=\"elementor-section elementor-top-section elementor-element elementor-element-fc8a875 elementor-section-content-middle elementor-section-boxed elementor-section-height-default elementor-section-height-default\" data-id=\"fc8a875\" data-element_type=\"section\">\n\t\t\t\t\t\t<div class=\"elementor-container elementor-column-gap-default\">\n\t\t\t\t\t<div class=\"elementor-column elementor-col-100 elementor-top-column elementor-element elementor-element-c0e46dd\" data-id=\"c0e46dd\" data-element_type=\"column\">\n\t\t\t<div class=\"elementor-widget-wrap elementor-element-populated\">\n\t\t\t\t\t\t<section class=\"elementor-section elementor-inner-section elementor-element elementor-element-94cdfd6 elementor-section-boxed elementor-section-height-default elementor-section-height-default\" data-id=\"94cdfd6\" data-element_type=\"section\">\n\t\t\t\t\t\t<div class=\"elementor-container elementor-column-gap-default\">\n\t\t\t\t\t<div class=\"elementor-column elementor-col-50 elementor-inner-column elementor-element elementor-element-c1831da\" data-id=\"c1831da\" data-element_type=\"column\">\n\t\t\t<div class=\"elementor-widget-wrap elementor-element-populated\">\n\t\t\t\t\t\t<div class=\"elementor-element elementor-element-fa4fe2c elementor-widget elementor-widget-heading\" data-id=\"fa4fe2c\" data-element_type=\"widget\" data-widget_type=\"heading.default\">\n\t\t\t\t<div class=\"elementor-widget-container\">\n\t\t\t<h2 class=\"elementor-heading-title elementor-size-default\">Relats en centres educatius<\/h2>\t\t<\/div>\n\t\t\t\t<\/div>\n\t\t\t\t<div class=\"elementor-element elementor-element-83b1acb elementor-widget elementor-widget-heading\" data-id=\"83b1acb\" data-element_type=\"widget\" data-widget_type=\"heading.default\">\n\t\t\t\t<div class=\"elementor-widget-container\">\n\t\t\t<h2 class=\"elementor-heading-title elementor-size-default\">Guanyadors 2023\n\n<\/h2>\t\t<\/div>\n\t\t\t\t<\/div>\n\t\t\t\t\t<\/div>\n\t\t<\/div>\n\t\t\t\t<div class=\"elementor-column elementor-col-50 elementor-inner-column elementor-element elementor-element-2e9843d\" data-id=\"2e9843d\" data-element_type=\"column\">\n\t\t\t<div class=\"elementor-widget-wrap\">\n\t\t\t\t\t\t\t<\/div>\n\t\t<\/div>\n\t\t\t\t\t<\/div>\n\t\t<\/section>\n\t\t\t\t\t<\/div>\n\t\t<\/div>\n\t\t\t\t\t<\/div>\n\t\t<\/section>\n\t\t\t\t<section class=\"elementor-section elementor-top-section elementor-element elementor-element-90e35ee elementor-section-boxed elementor-section-height-default elementor-section-height-default\" data-id=\"90e35ee\" data-element_type=\"section\">\n\t\t\t\t\t\t<div class=\"elementor-container elementor-column-gap-default\">\n\t\t\t\t\t<div class=\"elementor-column elementor-col-33 elementor-top-column elementor-element elementor-element-06fd9af\" data-id=\"06fd9af\" data-element_type=\"column\">\n\t\t\t<div class=\"elementor-widget-wrap elementor-element-populated\">\n\t\t\t\t\t\t<div class=\"elementor-element elementor-element-06e9796 elementor-flip-box--effect-zoom-in elementor-widget elementor-widget-flip-box\" data-id=\"06e9796\" data-element_type=\"widget\" data-widget_type=\"flip-box.default\">\n\t\t\t\t<div class=\"elementor-widget-container\">\n\t\t\t\t\t<div class=\"elementor-flip-box\" tabindex=\"0\">\n\t\t\t<div class=\"elementor-flip-box__layer elementor-flip-box__front\">\n\t\t\t\t<div class=\"elementor-flip-box__layer__overlay\">\n\t\t\t\t\t<div class=\"elementor-flip-box__layer__inner\">\n\t\t\t\t\t\t\n\t\t\t\t\t\t\t\t\t\t\t\t\t<h3 class=\"elementor-flip-box__layer__title\">\n\t\t\t\t\t\t\t\tEspiritu <br>escolar\t\t\t\t\t\t\t<\/h3>\n\t\t\t\t\t\t\n\t\t\t\t\t\t\t\t\t\t\t\t\t<div class=\"elementor-flip-box__layer__description\">\n\t\t\t\t\t\t\t\tGuanyador de Relats X\u00e0bia Negra 2023<br>\nCarmen Bas Vidal\t\t\t\t\t\t\t<\/div>\n\t\t\t\t\t\t\t\t\t\t\t<\/div>\n\t\t\t\t<\/div>\n\t\t\t<\/div>\n\t\t\t<a class=\"elementor-flip-box__layer elementor-flip-box__back\" href=\"https:\/\/xabianegra.com\/wp-content\/uploads\/2023\/11\/Espiritu-escolar.pdf\" target=\"_blank\">\n\t\t\t<div class=\"elementor-flip-box__layer__overlay\">\n\t\t\t\t<div class=\"elementor-flip-box__layer__inner\">\n\t\t\t\t\t\t\t\t\t\t\t<h3 class=\"elementor-flip-box__layer__title\">\n\t\t\t\t\t\t\tESPIRITU <br>ESCOLAR\t\t\t\t\t\t<\/h3>\n\t\t\t\t\t\n\t\t\t\t\t\n\t\t\t\t\t\t\t\t\t\t\t<span class=\"elementor-flip-box__button elementor-button elementor-size-md\">\n\t\t\t\t\t\t\tLlegir el relat\t\t\t\t\t\t<\/span>\n\t\t\t\t\t\t\t\t<\/div>\n\t\t<\/div>\n\t\t<\/a>\n\t\t<\/div>\n\t\t\t\t<\/div>\n\t\t\t\t<\/div>\n\t\t\t\t\t<\/div>\n\t\t<\/div>\n\t\t\t\t<div class=\"elementor-column elementor-col-33 elementor-top-column elementor-element elementor-element-8b4b41b\" data-id=\"8b4b41b\" data-element_type=\"column\">\n\t\t\t<div class=\"elementor-widget-wrap elementor-element-populated\">\n\t\t\t\t\t\t<div class=\"elementor-element elementor-element-be8a393 elementor-flip-box--effect-zoom-in elementor-widget elementor-widget-flip-box\" data-id=\"be8a393\" data-element_type=\"widget\" data-widget_type=\"flip-box.default\">\n\t\t\t\t<div class=\"elementor-widget-container\">\n\t\t\t\t\t<div class=\"elementor-flip-box\" tabindex=\"0\">\n\t\t\t<div class=\"elementor-flip-box__layer elementor-flip-box__front\">\n\t\t\t\t<div class=\"elementor-flip-box__layer__overlay\">\n\t\t\t\t\t<div class=\"elementor-flip-box__layer__inner\">\n\t\t\t\t\t\t\n\t\t\t\t\t\t\t\t\t\t\t\t\t<h3 class=\"elementor-flip-box__layer__title\">\n\t\t\t\t\t\t\t\t9 GOTS<br> BUITS\t\t\t\t\t\t\t<\/h3>\n\t\t\t\t\t\t\n\t\t\t\t\t\t\t\t\t\t\t\t\t<div class=\"elementor-flip-box__layer__description\">\n\t\t\t\t\t\t\t\tGuanyador de Relats X\u00e0bia Negra 2023<br>\nAna Robles L\u00f3pez\t\t\t\t\t\t\t<\/div>\n\t\t\t\t\t\t\t\t\t\t\t<\/div>\n\t\t\t\t<\/div>\n\t\t\t<\/div>\n\t\t\t<a class=\"elementor-flip-box__layer elementor-flip-box__back\" href=\"https:\/\/xabianegra.com\/wp-content\/uploads\/2023\/11\/9-gots-buits.pdf\" target=\"_blank\">\n\t\t\t<div class=\"elementor-flip-box__layer__overlay\">\n\t\t\t\t<div class=\"elementor-flip-box__layer__inner\">\n\t\t\t\t\t\t\t\t\t\t\t<h3 class=\"elementor-flip-box__layer__title\">\n\t\t\t\t\t\t\t9 GOTS<br> BUITS\t\t\t\t\t\t<\/h3>\n\t\t\t\t\t\n\t\t\t\t\t\n\t\t\t\t\t\t\t\t\t\t\t<span class=\"elementor-flip-box__button elementor-button elementor-size-md\">\n\t\t\t\t\t\t\tLlegir el relat\t\t\t\t\t\t<\/span>\n\t\t\t\t\t\t\t\t<\/div>\n\t\t<\/div>\n\t\t<\/a>\n\t\t<\/div>\n\t\t\t\t<\/div>\n\t\t\t\t<\/div>\n\t\t\t\t\t<\/div>\n\t\t<\/div>\n\t\t\t\t<div class=\"elementor-column elementor-col-33 elementor-top-column elementor-element elementor-element-5801198\" data-id=\"5801198\" data-element_type=\"column\">\n\t\t\t<div class=\"elementor-widget-wrap elementor-element-populated\">\n\t\t\t\t\t\t<div class=\"elementor-element elementor-element-3c8a9ed elementor-flip-box--effect-zoom-in elementor-widget elementor-widget-flip-box\" data-id=\"3c8a9ed\" data-element_type=\"widget\" data-widget_type=\"flip-box.default\">\n\t\t\t\t<div class=\"elementor-widget-container\">\n\t\t\t\t\t<div class=\"elementor-flip-box\" tabindex=\"0\">\n\t\t\t<div class=\"elementor-flip-box__layer elementor-flip-box__front\">\n\t\t\t\t<div class=\"elementor-flip-box__layer__overlay\">\n\t\t\t\t\t<div class=\"elementor-flip-box__layer__inner\">\n\t\t\t\t\t\t\n\t\t\t\t\t\t\t\t\t\t\t\t\t<h3 class=\"elementor-flip-box__layer__title\">\n\t\t\t\t\t\t\t\tEl olor<br>de la traici\u00f3n\t\t\t\t\t\t\t<\/h3>\n\t\t\t\t\t\t\n\t\t\t\t\t\t\t\t\t\t\t\t\t<div class=\"elementor-flip-box__layer__description\">\n\t\t\t\t\t\t\t\tGuanyador de Relats X\u00e0bia Negra 2023<br>\nAna Robles Lo\u0301pez\t\t\t\t\t\t\t<\/div>\n\t\t\t\t\t\t\t\t\t\t\t<\/div>\n\t\t\t\t<\/div>\n\t\t\t<\/div>\n\t\t\t<a class=\"elementor-flip-box__layer elementor-flip-box__back\" href=\"https:\/\/xabianegra.com\/wp-content\/uploads\/2023\/11\/RELATO-XABIA-NEGRA-Ana-Robles-Lopez-1o-Bach.pdf\" target=\"_blank\">\n\t\t\t<div class=\"elementor-flip-box__layer__overlay\">\n\t\t\t\t<div class=\"elementor-flip-box__layer__inner\">\n\t\t\t\t\t\t\t\t\t\t\t<h3 class=\"elementor-flip-box__layer__title\">\n\t\t\t\t\t\t\tEl olor<br>de la traici\u00f3n\t\t\t\t\t\t<\/h3>\n\t\t\t\t\t\n\t\t\t\t\t\n\t\t\t\t\t\t\t\t\t\t\t<span class=\"elementor-flip-box__button elementor-button elementor-size-md\">\n\t\t\t\t\t\t\tLlegir el relat\t\t\t\t\t\t<\/span>\n\t\t\t\t\t\t\t\t<\/div>\n\t\t<\/div>\n\t\t<\/a>\n\t\t<\/div>\n\t\t\t\t<\/div>\n\t\t\t\t<\/div>\n\t\t\t\t\t<\/div>\n\t\t<\/div>\n\t\t\t\t\t<\/div>\n\t\t<\/section>\n\t\t\t\t<\/div>\n\t\t","protected":false},"excerpt":{"rendered":"<p>Relats en centres educatius Guanyadors 2023 Espiritu escolar Guanyador de Relats X\u00e0bia Negra 2023 Carmen Bas Vidal ESPIRITU ESCOLAR Llegir el relat 9 GOTS BUITS Guanyador de Relats X\u00e0bia Negra 2023 Ana Robles L\u00f3pez 9 GOTS BUITS Llegir el relat El olorde la traici\u00f3n Guanyador de Relats X\u00e0bia Negra 2023 Ana Robles Lo\u0301pez El olorde [&hellip;]<\/p>\n","protected":false},"author":1,"featured_media":0,"parent":0,"menu_order":0,"comment_status":"closed","ping_status":"closed","template":"","meta":{"footnotes":""},"class_list":["post-2633","page","type-page","status-publish","hentry"],"yoast_head":"<!-- This site is optimized with the Yoast SEO plugin v24.0 - https:\/\/yoast.com\/wordpress\/plugins\/seo\/ -->\n<title>Relats en centres educatius - X\u00c0BIA NEGRA<\/title>\n<meta name=\"robots\" content=\"noindex, follow, max-snippet:-1, max-image-preview:large, max-video-preview:-1\" \/>\n<meta property=\"og:locale\" content=\"ca_ES\" \/>\n<meta property=\"og:type\" content=\"article\" \/>\n<meta property=\"og:title\" content=\"Relats en centres educatius - X\u00c0BIA NEGRA\" \/>\n<meta property=\"og:description\" content=\"Relats en centres educatius Guanyadors 2023 Espiritu escolar Guanyador de Relats X\u00e0bia Negra 2023 Carmen Bas Vidal ESPIRITU ESCOLAR Llegir el relat 9 GOTS BUITS Guanyador de Relats X\u00e0bia Negra 2023 Ana Robles L\u00f3pez 9 GOTS BUITS Llegir el relat El olorde la traici\u00f3n Guanyador de Relats X\u00e0bia Negra 2023 Ana Robles Lo\u0301pez El olorde [&hellip;]\" \/>\n<meta property=\"og:url\" content=\"https:\/\/xabianegra.com\/ca\/relats-en-centres-educatius\" \/>\n<meta property=\"og:site_name\" content=\"X\u00c0BIA NEGRA\" \/>\n<meta property=\"article:publisher\" content=\"https:\/\/m.facebook.com\/XabiaNegra\" \/>\n<meta property=\"article:modified_time\" content=\"2023-11-08T12:48:24+00:00\" \/>\n<meta property=\"og:image\" content=\"https:\/\/xabianegra.com\/wp-content\/uploads\/2021\/10\/XabiaNegra-Montgo.png\" \/>\n\t<meta property=\"og:image:width\" content=\"850\" \/>\n\t<meta property=\"og:image:height\" content=\"560\" \/>\n\t<meta property=\"og:image:type\" content=\"image\/png\" \/>\n<meta name=\"twitter:card\" content=\"summary_large_image\" \/>\n<meta name=\"twitter:site\" content=\"@XabiaNegraFest\" \/>\n<meta name=\"twitter:label1\" content=\"Temps estimat de lectura\" \/>\n\t<meta name=\"twitter:data1\" content=\"1 minut\" \/>\n<script type=\"application\/ld+json\" class=\"yoast-schema-graph\">{\"@context\":\"https:\/\/schema.org\",\"@graph\":[{\"@type\":\"WebPage\",\"@id\":\"https:\/\/xabianegra.com\/ca\/relats-en-centres-educatius\",\"url\":\"https:\/\/xabianegra.com\/ca\/relats-en-centres-educatius\",\"name\":\"Relats en centres educatius - X\u00c0BIA NEGRA\",\"isPartOf\":{\"@id\":\"https:\/\/xabianegra.com\/#website\"},\"datePublished\":\"2023-11-08T12:43:18+00:00\",\"dateModified\":\"2023-11-08T12:48:24+00:00\",\"breadcrumb\":{\"@id\":\"https:\/\/xabianegra.com\/ca\/relats-en-centres-educatius#breadcrumb\"},\"inLanguage\":\"ca\",\"potentialAction\":[{\"@type\":\"ReadAction\",\"target\":[\"https:\/\/xabianegra.com\/ca\/relats-en-centres-educatius\"]}]},{\"@type\":\"BreadcrumbList\",\"@id\":\"https:\/\/xabianegra.com\/ca\/relats-en-centres-educatius#breadcrumb\",\"itemListElement\":[{\"@type\":\"ListItem\",\"position\":1,\"name\":\"Portada\",\"item\":\"https:\/\/xabianegra.com\/ca\"},{\"@type\":\"ListItem\",\"position\":2,\"name\":\"Relats en centres educatius\"}]},{\"@type\":\"WebSite\",\"@id\":\"https:\/\/xabianegra.com\/#website\",\"url\":\"https:\/\/xabianegra.com\/\",\"name\":\"X\u00c0BIA NEGRA\",\"description\":\"Festival de novel\u00b7la negra\",\"publisher\":{\"@id\":\"https:\/\/xabianegra.com\/#organization\"},\"potentialAction\":[{\"@type\":\"SearchAction\",\"target\":{\"@type\":\"EntryPoint\",\"urlTemplate\":\"https:\/\/xabianegra.com\/?s={search_term_string}\"},\"query-input\":{\"@type\":\"PropertyValueSpecification\",\"valueRequired\":true,\"valueName\":\"search_term_string\"}}],\"inLanguage\":\"ca\"},{\"@type\":\"Organization\",\"@id\":\"https:\/\/xabianegra.com\/#organization\",\"name\":\"X\u00e0bia Negra\",\"url\":\"https:\/\/xabianegra.com\/\",\"logo\":{\"@type\":\"ImageObject\",\"inLanguage\":\"ca\",\"@id\":\"https:\/\/xabianegra.com\/#\/schema\/logo\/image\/\",\"url\":\"https:\/\/xabianegra.com\/wp-content\/uploads\/2021\/10\/ICONO-XABIA_NEGRA.png\",\"contentUrl\":\"https:\/\/xabianegra.com\/wp-content\/uploads\/2021\/10\/ICONO-XABIA_NEGRA.png\",\"width\":181,\"height\":181,\"caption\":\"X\u00e0bia Negra\"},\"image\":{\"@id\":\"https:\/\/xabianegra.com\/#\/schema\/logo\/image\/\"},\"sameAs\":[\"https:\/\/m.facebook.com\/XabiaNegra\",\"https:\/\/x.com\/XabiaNegraFest\",\"https:\/\/www.instagram.com\/xabianegra\/\"]}]}<\/script>\n<!-- \/ Yoast SEO plugin. -->","yoast_head_json":{"title":"Relats en centres educatius - X\u00c0BIA NEGRA","robots":{"index":"noindex","follow":"follow","max-snippet":"max-snippet:-1","max-image-preview":"max-image-preview:large","max-video-preview":"max-video-preview:-1"},"og_locale":"ca_ES","og_type":"article","og_title":"Relats en centres educatius - X\u00c0BIA NEGRA","og_description":"Relats en centres educatius Guanyadors 2023 Espiritu escolar Guanyador de Relats X\u00e0bia Negra 2023 Carmen Bas Vidal ESPIRITU ESCOLAR Llegir el relat 9 GOTS BUITS Guanyador de Relats X\u00e0bia Negra 2023 Ana Robles L\u00f3pez 9 GOTS BUITS Llegir el relat El olorde la traici\u00f3n Guanyador de Relats X\u00e0bia Negra 2023 Ana Robles Lo\u0301pez El olorde [&hellip;]","og_url":"https:\/\/xabianegra.com\/ca\/relats-en-centres-educatius","og_site_name":"X\u00c0BIA NEGRA","article_publisher":"https:\/\/m.facebook.com\/XabiaNegra","article_modified_time":"2023-11-08T12:48:24+00:00","og_image":[{"width":850,"height":560,"url":"https:\/\/xabianegra.com\/wp-content\/uploads\/2021\/10\/XabiaNegra-Montgo.png","type":"image\/png"}],"twitter_card":"summary_large_image","twitter_site":"@XabiaNegraFest","twitter_misc":{"Temps estimat de lectura":"1 minut"},"schema":{"@context":"https:\/\/schema.org","@graph":[{"@type":"WebPage","@id":"https:\/\/xabianegra.com\/ca\/relats-en-centres-educatius","url":"https:\/\/xabianegra.com\/ca\/relats-en-centres-educatius","name":"Relats en centres educatius - X\u00c0BIA NEGRA","isPartOf":{"@id":"https:\/\/xabianegra.com\/#website"},"datePublished":"2023-11-08T12:43:18+00:00","dateModified":"2023-11-08T12:48:24+00:00","breadcrumb":{"@id":"https:\/\/xabianegra.com\/ca\/relats-en-centres-educatius#breadcrumb"},"inLanguage":"ca","potentialAction":[{"@type":"ReadAction","target":["https:\/\/xabianegra.com\/ca\/relats-en-centres-educatius"]}]},{"@type":"BreadcrumbList","@id":"https:\/\/xabianegra.com\/ca\/relats-en-centres-educatius#breadcrumb","itemListElement":[{"@type":"ListItem","position":1,"name":"Portada","item":"https:\/\/xabianegra.com\/ca"},{"@type":"ListItem","position":2,"name":"Relats en centres educatius"}]},{"@type":"WebSite","@id":"https:\/\/xabianegra.com\/#website","url":"https:\/\/xabianegra.com\/","name":"X\u00c0BIA NEGRA","description":"Festival de novel\u00b7la negra","publisher":{"@id":"https:\/\/xabianegra.com\/#organization"},"potentialAction":[{"@type":"SearchAction","target":{"@type":"EntryPoint","urlTemplate":"https:\/\/xabianegra.com\/?s={search_term_string}"},"query-input":{"@type":"PropertyValueSpecification","valueRequired":true,"valueName":"search_term_string"}}],"inLanguage":"ca"},{"@type":"Organization","@id":"https:\/\/xabianegra.com\/#organization","name":"X\u00e0bia Negra","url":"https:\/\/xabianegra.com\/","logo":{"@type":"ImageObject","inLanguage":"ca","@id":"https:\/\/xabianegra.com\/#\/schema\/logo\/image\/","url":"https:\/\/xabianegra.com\/wp-content\/uploads\/2021\/10\/ICONO-XABIA_NEGRA.png","contentUrl":"https:\/\/xabianegra.com\/wp-content\/uploads\/2021\/10\/ICONO-XABIA_NEGRA.png","width":181,"height":181,"caption":"X\u00e0bia Negra"},"image":{"@id":"https:\/\/xabianegra.com\/#\/schema\/logo\/image\/"},"sameAs":["https:\/\/m.facebook.com\/XabiaNegra","https:\/\/x.com\/XabiaNegraFest","https:\/\/www.instagram.com\/xabianegra\/"]}]}},"_links":{"self":[{"href":"https:\/\/xabianegra.com\/ca\/wp-json\/wp\/v2\/pages\/2633","targetHints":{"allow":["GET"]}}],"collection":[{"href":"https:\/\/xabianegra.com\/ca\/wp-json\/wp\/v2\/pages"}],"about":[{"href":"https:\/\/xabianegra.com\/ca\/wp-json\/wp\/v2\/types\/page"}],"author":[{"embeddable":true,"href":"https:\/\/xabianegra.com\/ca\/wp-json\/wp\/v2\/users\/1"}],"replies":[{"embeddable":true,"href":"https:\/\/xabianegra.com\/ca\/wp-json\/wp\/v2\/comments?post=2633"}],"version-history":[{"count":4,"href":"https:\/\/xabianegra.com\/ca\/wp-json\/wp\/v2\/pages\/2633\/revisions"}],"predecessor-version":[{"id":2646,"href":"https:\/\/xabianegra.com\/ca\/wp-json\/wp\/v2\/pages\/2633\/revisions\/2646"}],"wp:attachment":[{"href":"https:\/\/xabianegra.com\/ca\/wp-json\/wp\/v2\/media?parent=2633"}],"curies":[{"name":"wp","href":"https:\/\/api.w.org\/{rel}","templated":true}]}}