{"id":1305,"date":"2021-10-01T12:28:18","date_gmt":"2021-10-01T10:28:18","guid":{"rendered":"https:\/\/xabianegra.com\/information"},"modified":"2025-10-20T18:30:59","modified_gmt":"2025-10-20T16:30:59","slug":"information","status":"publish","type":"page","link":"https:\/\/xabianegra.com\/ca\/information","title":{"rendered":"CONCURS DE CURTMETRATGES EXPR\u00c9S"},"content":{"rendered":"\t\t<div data-elementor-type=\"wp-page\" data-elementor-id=\"1305\" class=\"elementor elementor-1305\" data-elementor-post-type=\"page\">\n\t\t\t\t\t\t<section class=\"elementor-section elementor-top-section elementor-element elementor-element-6c66a0b elementor-section-items-stretch elementor-section-height-min-height elementor-section-content-middle elementor-section-boxed elementor-section-height-default\" data-id=\"6c66a0b\" data-element_type=\"section\" data-settings=\"{&quot;background_background&quot;:&quot;classic&quot;}\">\n\t\t\t\t\t\t\t<div class=\"elementor-background-overlay\"><\/div>\n\t\t\t\t\t\t\t<div class=\"elementor-container elementor-column-gap-default\">\n\t\t\t\t\t<div class=\"elementor-column elementor-col-100 elementor-top-column elementor-element elementor-element-b4f99cb\" data-id=\"b4f99cb\" data-element_type=\"column\" data-settings=\"{&quot;background_background&quot;:&quot;classic&quot;,&quot;background_motion_fx_motion_fx_scrolling&quot;:&quot;yes&quot;,&quot;background_motion_fx_translateY_effect&quot;:&quot;yes&quot;,&quot;background_motion_fx_translateY_direction&quot;:&quot;negative&quot;,&quot;background_motion_fx_translateY_speed&quot;:{&quot;unit&quot;:&quot;px&quot;,&quot;size&quot;:&quot;2.5&quot;,&quot;sizes&quot;:[]},&quot;background_motion_fx_translateY_affectedRange&quot;:{&quot;unit&quot;:&quot;%&quot;,&quot;size&quot;:&quot;&quot;,&quot;sizes&quot;:{&quot;start&quot;:0,&quot;end&quot;:100}},&quot;background_motion_fx_devices&quot;:[&quot;desktop&quot;,&quot;tablet&quot;,&quot;mobile&quot;]}\">\n\t\t\t<div class=\"elementor-widget-wrap elementor-element-populated\">\n\t\t\t\t\t<div class=\"elementor-background-overlay\"><\/div>\n\t\t\t\t\t\t<div class=\"elementor-element elementor-element-8051e18 animated-slow elementor-invisible elementor-widget elementor-widget-heading\" data-id=\"8051e18\" data-element_type=\"widget\" data-settings=\"{&quot;_animation&quot;:&quot;fadeIn&quot;}\" data-widget_type=\"heading.default\">\n\t\t\t\t<div class=\"elementor-widget-container\">\n\t\t\t<h1 class=\"elementor-heading-title elementor-size-default\">CONCURS DE <br>CURTMETRATGES <br>EXPR\u00c9S\n<\/h1>\t\t<\/div>\n\t\t\t\t<\/div>\n\t\t\t\t<div class=\"elementor-element elementor-element-6bfb7d6 elementor-shape-square elementor-grid-1 elementor-widget__width-auto elementor-fixed e-grid-align-center elementor-widget elementor-widget-social-icons\" data-id=\"6bfb7d6\" data-element_type=\"widget\" data-settings=\"{&quot;_position&quot;:&quot;fixed&quot;}\" data-widget_type=\"social-icons.default\">\n\t\t\t\t<div class=\"elementor-widget-container\">\n\t\t\t\t\t<div class=\"elementor-social-icons-wrapper elementor-grid\">\n\t\t\t\t\t\t\t<span class=\"elementor-grid-item\">\n\t\t\t\t\t<a class=\"elementor-icon elementor-social-icon elementor-social-icon-instagram elementor-repeater-item-f90d36f\" href=\"https:\/\/www.instagram.com\/xabianegra\/\" target=\"_blank\">\n\t\t\t\t\t\t<span class=\"elementor-screen-only\">Instagram<\/span>\n\t\t\t\t\t\t<i class=\"fab fa-instagram\"><\/i>\t\t\t\t\t<\/a>\n\t\t\t\t<\/span>\n\t\t\t\t\t\t\t<span class=\"elementor-grid-item\">\n\t\t\t\t\t<a class=\"elementor-icon elementor-social-icon elementor-social-icon-twitter elementor-repeater-item-e3500c5\" href=\"https:\/\/twitter.com\/XabiaNegraFest\" target=\"_blank\">\n\t\t\t\t\t\t<span class=\"elementor-screen-only\">Twitter<\/span>\n\t\t\t\t\t\t<i class=\"fab fa-twitter\"><\/i>\t\t\t\t\t<\/a>\n\t\t\t\t<\/span>\n\t\t\t\t\t\t\t<span class=\"elementor-grid-item\">\n\t\t\t\t\t<a class=\"elementor-icon elementor-social-icon elementor-social-icon-facebook-f elementor-repeater-item-63c08dc\" href=\"https:\/\/m.facebook.com\/XabiaNegra\" target=\"_blank\">\n\t\t\t\t\t\t<span class=\"elementor-screen-only\">Facebook-f<\/span>\n\t\t\t\t\t\t<i class=\"fab fa-facebook-f\"><\/i>\t\t\t\t\t<\/a>\n\t\t\t\t<\/span>\n\t\t\t\t\t<\/div>\n\t\t\t\t<\/div>\n\t\t\t\t<\/div>\n\t\t\t\t<div class=\"elementor-element elementor-element-2d85343 elementor-widget elementor-widget-text-editor\" data-id=\"2d85343\" data-element_type=\"widget\" data-widget_type=\"text-editor.default\">\n\t\t\t\t<div class=\"elementor-widget-container\">\n\t\t\t\t\t\t\t<p>Crea un curtmetratge negre en 37 hores.<\/p>\t\t\t\t\t\t<\/div>\n\t\t\t\t<\/div>\n\t\t\t\t\t<\/div>\n\t\t<\/div>\n\t\t\t\t\t<\/div>\n\t\t<\/section>\n\t\t\t\t<section class=\"elementor-section elementor-top-section elementor-element elementor-element-da118f1 elementor-section-items-top elementor-section-content-middle elementor-section-height-min-height elementor-section-boxed elementor-section-height-default\" data-id=\"da118f1\" data-element_type=\"section\" data-settings=\"{&quot;background_background&quot;:&quot;classic&quot;}\">\n\t\t\t\t\t\t\t<div class=\"elementor-background-overlay\"><\/div>\n\t\t\t\t\t\t\t<div class=\"elementor-container elementor-column-gap-default\">\n\t\t\t\t\t<div class=\"elementor-column elementor-col-100 elementor-top-column elementor-element elementor-element-0ad3704\" data-id=\"0ad3704\" data-element_type=\"column\">\n\t\t\t<div class=\"elementor-widget-wrap elementor-element-populated\">\n\t\t\t\t\t\t<div class=\"elementor-element elementor-element-7b9826d elementor-hidden-mobile elementor-widget elementor-widget-spacer\" data-id=\"7b9826d\" data-element_type=\"widget\" data-widget_type=\"spacer.default\">\n\t\t\t\t<div class=\"elementor-widget-container\">\n\t\t\t\t\t<div class=\"elementor-spacer\">\n\t\t\t<div class=\"elementor-spacer-inner\"><\/div>\n\t\t<\/div>\n\t\t\t\t<\/div>\n\t\t\t\t<\/div>\n\t\t\t\t<div class=\"elementor-element elementor-element-48a1e97 elementor-widget elementor-widget-heading\" data-id=\"48a1e97\" data-element_type=\"widget\" data-widget_type=\"heading.default\">\n\t\t\t\t<div class=\"elementor-widget-container\">\n\t\t\t<h2 class=\"elementor-heading-title elementor-size-default\">\u00a1Crea tu cortometraje de g\u00e9nero negro en tan solo 37 horas! <\/h2>\t\t<\/div>\n\t\t\t\t<\/div>\n\t\t\t\t<section class=\"elementor-section elementor-inner-section elementor-element elementor-element-5d78868 elementor-section-boxed elementor-section-height-default elementor-section-height-default\" data-id=\"5d78868\" data-element_type=\"section\">\n\t\t\t\t\t\t<div class=\"elementor-container elementor-column-gap-default\">\n\t\t\t\t\t<div class=\"elementor-column elementor-col-100 elementor-inner-column elementor-element elementor-element-d1b176a\" data-id=\"d1b176a\" data-element_type=\"column\">\n\t\t\t<div class=\"elementor-widget-wrap elementor-element-populated\">\n\t\t\t\t\t\t<div class=\"elementor-element elementor-element-d227305 elementor-widget elementor-widget-text-editor\" data-id=\"d227305\" data-element_type=\"widget\" data-widget_type=\"text-editor.default\">\n\t\t\t\t<div class=\"elementor-widget-container\">\n\t\t\t\t\t\t\t<p>\u00a1Crea tu cortometraje de g\u00e9nero negro en tan solo 37 horas!<br \/>Sum\u00e9rgete en un marat\u00f3n de rodaje y montaje expr\u00e9ss y pon a prueba tu creatividad. Este reto es tu oportunidad para experimentar, contar historias intensas y demostrar tu talento en tiempo r\u00e9cord. Con X\u00e0bia como escenario.<br \/>\u00a1Se entregar\u00e1 un premio econ\u00f3mico para el cortometraje ganador!<\/p><ul><li><strong>Entrega de plicas:<\/strong> viernes 7 noviembre a las 10:30 a.m., en la Plaza de la Iglesia<br \/>(link a maps)<\/li><li><strong>Duraci\u00f3n del concurso:<\/strong> desde la entrega de plicas hasta el s\u00e1bado 8 de noviembre a las 23:30. 37 horas en total.<\/li><li><strong>Inscripciones abiertas hasta:<\/strong> viernes 7, 10:30 a.m.<\/li><\/ul>\t\t\t\t\t\t<\/div>\n\t\t\t\t<\/div>\n\t\t\t\t\t<\/div>\n\t\t<\/div>\n\t\t\t\t\t<\/div>\n\t\t<\/section>\n\t\t\t\t<section class=\"elementor-section elementor-inner-section elementor-element elementor-element-5312e43 elementor-section-boxed elementor-section-height-default elementor-section-height-default\" data-id=\"5312e43\" data-element_type=\"section\">\n\t\t\t\t\t\t<div class=\"elementor-container elementor-column-gap-default\">\n\t\t\t\t\t<div class=\"elementor-column elementor-col-33 elementor-inner-column elementor-element elementor-element-d73e614\" data-id=\"d73e614\" data-element_type=\"column\">\n\t\t\t<div class=\"elementor-widget-wrap elementor-element-populated\">\n\t\t\t\t\t\t<div class=\"elementor-element elementor-element-bcbcdc9 elementor-button-info elementor-align-center elementor-widget elementor-widget-button\" data-id=\"bcbcdc9\" data-element_type=\"widget\" data-widget_type=\"button.default\">\n\t\t\t\t<div class=\"elementor-widget-container\">\n\t\t\t\t\t\t\t<div class=\"elementor-button-wrapper\">\n\t\t\t\t\t<a class=\"elementor-button elementor-button-link elementor-size-sm\" href=\"https:\/\/xabianegra.com\/wp-content\/uploads\/2025\/10\/BASES-Concurso-Xabia-Negra-Express-2025-Castellano-.pdf\" target=\"_blank\">\n\t\t\t\t\t\t<span class=\"elementor-button-content-wrapper\">\n\t\t\t\t\t\t\t\t\t<span class=\"elementor-button-text\">PDF Bases del concurso en castellano<\/span>\n\t\t\t\t\t<\/span>\n\t\t\t\t\t<\/a>\n\t\t\t\t<\/div>\n\t\t\t\t\t\t<\/div>\n\t\t\t\t<\/div>\n\t\t\t\t\t<\/div>\n\t\t<\/div>\n\t\t\t\t<div class=\"elementor-column elementor-col-33 elementor-inner-column elementor-element elementor-element-c3f3869\" data-id=\"c3f3869\" data-element_type=\"column\">\n\t\t\t<div class=\"elementor-widget-wrap elementor-element-populated\">\n\t\t\t\t\t\t<div class=\"elementor-element elementor-element-31d54da elementor-button-info elementor-align-center elementor-widget elementor-widget-button\" data-id=\"31d54da\" data-element_type=\"widget\" data-widget_type=\"button.default\">\n\t\t\t\t<div class=\"elementor-widget-container\">\n\t\t\t\t\t\t\t<div class=\"elementor-button-wrapper\">\n\t\t\t\t\t<a class=\"elementor-button elementor-button-link elementor-size-sm\" href=\"https:\/\/xabianegra.com\/wp-content\/uploads\/2025\/10\/BASES-Concurs-Xabia-Negra-Express-2025-Valencia-.pdf\" target=\"_blank\">\n\t\t\t\t\t\t<span class=\"elementor-button-content-wrapper\">\n\t\t\t\t\t\t\t\t\t<span class=\"elementor-button-text\">PDF Bases del concurs en valenci\u00e0<\/span>\n\t\t\t\t\t<\/span>\n\t\t\t\t\t<\/a>\n\t\t\t\t<\/div>\n\t\t\t\t\t\t<\/div>\n\t\t\t\t<\/div>\n\t\t\t\t\t<\/div>\n\t\t<\/div>\n\t\t\t\t<div class=\"elementor-column elementor-col-33 elementor-inner-column elementor-element elementor-element-c2e40b4\" data-id=\"c2e40b4\" data-element_type=\"column\">\n\t\t\t<div class=\"elementor-widget-wrap elementor-element-populated\">\n\t\t\t\t\t\t<div class=\"elementor-element elementor-element-41dcb21 elementor-button-info elementor-align-center elementor-widget elementor-widget-button\" data-id=\"41dcb21\" data-element_type=\"widget\" data-widget_type=\"button.default\">\n\t\t\t\t<div class=\"elementor-widget-container\">\n\t\t\t\t\t\t\t<div class=\"elementor-button-wrapper\">\n\t\t\t\t\t<a class=\"elementor-button elementor-button-link elementor-size-sm\" href=\"https:\/\/xabianegra.com\/wp-content\/uploads\/2025\/10\/Logo-Xabia.pdf\" target=\"_blank\">\n\t\t\t\t\t\t<span class=\"elementor-button-content-wrapper\">\n\t\t\t\t\t\t\t\t\t<span class=\"elementor-button-text\">PNG Descarga el logo de X\u00e0bia Negra<\/span>\n\t\t\t\t\t<\/span>\n\t\t\t\t\t<\/a>\n\t\t\t\t<\/div>\n\t\t\t\t\t\t<\/div>\n\t\t\t\t<\/div>\n\t\t\t\t\t<\/div>\n\t\t<\/div>\n\t\t\t\t\t<\/div>\n\t\t<\/section>\n\t\t\t\t\t<\/div>\n\t\t<\/div>\n\t\t\t\t\t<\/div>\n\t\t<\/section>\n\t\t\t\t<\/div>\n\t\t","protected":false},"excerpt":{"rendered":"<p>CONCURS DE CURTMETRATGES EXPR\u00c9S Instagram Twitter Facebook-f Crea un curtmetratge negre en 37 hores. \u00a1Crea tu cortometraje de g\u00e9nero negro en tan solo 37 horas! \u00a1Crea tu cortometraje de g\u00e9nero negro en tan solo 37 horas!Sum\u00e9rgete en un marat\u00f3n de rodaje y montaje expr\u00e9ss y pon a prueba tu creatividad. Este reto es tu oportunidad [&hellip;]<\/p>\n","protected":false},"author":1,"featured_media":0,"parent":0,"menu_order":0,"comment_status":"closed","ping_status":"closed","template":"elementor_header_footer","meta":{"footnotes":""},"class_list":["post-1305","page","type-page","status-publish","hentry"],"yoast_head":"<!-- This site is optimized with the Yoast SEO plugin v24.0 - https:\/\/yoast.com\/wordpress\/plugins\/seo\/ -->\n<title>CONCURS DE CURTMETRATGES EXPR\u00c9S - X\u00c0BIA NEGRA<\/title>\n<meta name=\"robots\" content=\"noindex, follow, max-snippet:-1, max-image-preview:large, max-video-preview:-1\" \/>\n<meta property=\"og:locale\" content=\"ca_ES\" \/>\n<meta property=\"og:type\" content=\"article\" \/>\n<meta property=\"og:title\" content=\"CONCURS DE CURTMETRATGES EXPR\u00c9S - X\u00c0BIA NEGRA\" \/>\n<meta property=\"og:description\" content=\"CONCURS DE CURTMETRATGES EXPR\u00c9S Instagram Twitter Facebook-f Crea un curtmetratge negre en 37 hores. \u00a1Crea tu cortometraje de g\u00e9nero negro en tan solo 37 horas! \u00a1Crea tu cortometraje de g\u00e9nero negro en tan solo 37 horas!Sum\u00e9rgete en un marat\u00f3n de rodaje y montaje expr\u00e9ss y pon a prueba tu creatividad. Este reto es tu oportunidad [&hellip;]\" \/>\n<meta property=\"og:url\" content=\"https:\/\/xabianegra.com\/ca\/information\" \/>\n<meta property=\"og:site_name\" content=\"X\u00c0BIA NEGRA\" \/>\n<meta property=\"article:publisher\" content=\"https:\/\/m.facebook.com\/XabiaNegra\" \/>\n<meta property=\"article:modified_time\" content=\"2025-10-20T16:30:59+00:00\" \/>\n<meta property=\"og:image\" content=\"https:\/\/xabianegra.com\/wp-content\/uploads\/2021\/10\/XabiaNegra-Montgo.png\" \/>\n\t<meta property=\"og:image:width\" content=\"850\" \/>\n\t<meta property=\"og:image:height\" content=\"560\" \/>\n\t<meta property=\"og:image:type\" content=\"image\/png\" \/>\n<meta name=\"twitter:card\" content=\"summary_large_image\" \/>\n<meta name=\"twitter:site\" content=\"@XabiaNegraFest\" \/>\n<meta name=\"twitter:label1\" content=\"Temps estimat de lectura\" \/>\n\t<meta name=\"twitter:data1\" content=\"1 minut\" \/>\n<script type=\"application\/ld+json\" class=\"yoast-schema-graph\">{\"@context\":\"https:\/\/schema.org\",\"@graph\":[{\"@type\":\"WebPage\",\"@id\":\"https:\/\/xabianegra.com\/ca\/information\",\"url\":\"https:\/\/xabianegra.com\/ca\/information\",\"name\":\"CONCURS DE CURTMETRATGES EXPR\u00c9S - X\u00c0BIA NEGRA\",\"isPartOf\":{\"@id\":\"https:\/\/xabianegra.com\/#website\"},\"datePublished\":\"2021-10-01T10:28:18+00:00\",\"dateModified\":\"2025-10-20T16:30:59+00:00\",\"breadcrumb\":{\"@id\":\"https:\/\/xabianegra.com\/ca\/information#breadcrumb\"},\"inLanguage\":\"ca\",\"potentialAction\":[{\"@type\":\"ReadAction\",\"target\":[\"https:\/\/xabianegra.com\/ca\/information\"]}]},{\"@type\":\"BreadcrumbList\",\"@id\":\"https:\/\/xabianegra.com\/ca\/information#breadcrumb\",\"itemListElement\":[{\"@type\":\"ListItem\",\"position\":1,\"name\":\"Portada\",\"item\":\"https:\/\/xabianegra.com\/ca\"},{\"@type\":\"ListItem\",\"position\":2,\"name\":\"CONCURS DE CURTMETRATGES EXPR\u00c9S\"}]},{\"@type\":\"WebSite\",\"@id\":\"https:\/\/xabianegra.com\/#website\",\"url\":\"https:\/\/xabianegra.com\/\",\"name\":\"X\u00c0BIA NEGRA\",\"description\":\"Festival de novel\u00b7la negra\",\"publisher\":{\"@id\":\"https:\/\/xabianegra.com\/#organization\"},\"potentialAction\":[{\"@type\":\"SearchAction\",\"target\":{\"@type\":\"EntryPoint\",\"urlTemplate\":\"https:\/\/xabianegra.com\/?s={search_term_string}\"},\"query-input\":{\"@type\":\"PropertyValueSpecification\",\"valueRequired\":true,\"valueName\":\"search_term_string\"}}],\"inLanguage\":\"ca\"},{\"@type\":\"Organization\",\"@id\":\"https:\/\/xabianegra.com\/#organization\",\"name\":\"X\u00e0bia Negra\",\"url\":\"https:\/\/xabianegra.com\/\",\"logo\":{\"@type\":\"ImageObject\",\"inLanguage\":\"ca\",\"@id\":\"https:\/\/xabianegra.com\/#\/schema\/logo\/image\/\",\"url\":\"https:\/\/xabianegra.com\/wp-content\/uploads\/2021\/10\/ICONO-XABIA_NEGRA.png\",\"contentUrl\":\"https:\/\/xabianegra.com\/wp-content\/uploads\/2021\/10\/ICONO-XABIA_NEGRA.png\",\"width\":181,\"height\":181,\"caption\":\"X\u00e0bia Negra\"},\"image\":{\"@id\":\"https:\/\/xabianegra.com\/#\/schema\/logo\/image\/\"},\"sameAs\":[\"https:\/\/m.facebook.com\/XabiaNegra\",\"https:\/\/x.com\/XabiaNegraFest\",\"https:\/\/www.instagram.com\/xabianegra\/\"]}]}<\/script>\n<!-- \/ Yoast SEO plugin. -->","yoast_head_json":{"title":"CONCURS DE CURTMETRATGES EXPR\u00c9S - X\u00c0BIA NEGRA","robots":{"index":"noindex","follow":"follow","max-snippet":"max-snippet:-1","max-image-preview":"max-image-preview:large","max-video-preview":"max-video-preview:-1"},"og_locale":"ca_ES","og_type":"article","og_title":"CONCURS DE CURTMETRATGES EXPR\u00c9S - X\u00c0BIA NEGRA","og_description":"CONCURS DE CURTMETRATGES EXPR\u00c9S Instagram Twitter Facebook-f Crea un curtmetratge negre en 37 hores. \u00a1Crea tu cortometraje de g\u00e9nero negro en tan solo 37 horas! \u00a1Crea tu cortometraje de g\u00e9nero negro en tan solo 37 horas!Sum\u00e9rgete en un marat\u00f3n de rodaje y montaje expr\u00e9ss y pon a prueba tu creatividad. Este reto es tu oportunidad [&hellip;]","og_url":"https:\/\/xabianegra.com\/ca\/information","og_site_name":"X\u00c0BIA NEGRA","article_publisher":"https:\/\/m.facebook.com\/XabiaNegra","article_modified_time":"2025-10-20T16:30:59+00:00","og_image":[{"width":850,"height":560,"url":"https:\/\/xabianegra.com\/wp-content\/uploads\/2021\/10\/XabiaNegra-Montgo.png","type":"image\/png"}],"twitter_card":"summary_large_image","twitter_site":"@XabiaNegraFest","twitter_misc":{"Temps estimat de lectura":"1 minut"},"schema":{"@context":"https:\/\/schema.org","@graph":[{"@type":"WebPage","@id":"https:\/\/xabianegra.com\/ca\/information","url":"https:\/\/xabianegra.com\/ca\/information","name":"CONCURS DE CURTMETRATGES EXPR\u00c9S - X\u00c0BIA NEGRA","isPartOf":{"@id":"https:\/\/xabianegra.com\/#website"},"datePublished":"2021-10-01T10:28:18+00:00","dateModified":"2025-10-20T16:30:59+00:00","breadcrumb":{"@id":"https:\/\/xabianegra.com\/ca\/information#breadcrumb"},"inLanguage":"ca","potentialAction":[{"@type":"ReadAction","target":["https:\/\/xabianegra.com\/ca\/information"]}]},{"@type":"BreadcrumbList","@id":"https:\/\/xabianegra.com\/ca\/information#breadcrumb","itemListElement":[{"@type":"ListItem","position":1,"name":"Portada","item":"https:\/\/xabianegra.com\/ca"},{"@type":"ListItem","position":2,"name":"CONCURS DE CURTMETRATGES EXPR\u00c9S"}]},{"@type":"WebSite","@id":"https:\/\/xabianegra.com\/#website","url":"https:\/\/xabianegra.com\/","name":"X\u00c0BIA NEGRA","description":"Festival de novel\u00b7la negra","publisher":{"@id":"https:\/\/xabianegra.com\/#organization"},"potentialAction":[{"@type":"SearchAction","target":{"@type":"EntryPoint","urlTemplate":"https:\/\/xabianegra.com\/?s={search_term_string}"},"query-input":{"@type":"PropertyValueSpecification","valueRequired":true,"valueName":"search_term_string"}}],"inLanguage":"ca"},{"@type":"Organization","@id":"https:\/\/xabianegra.com\/#organization","name":"X\u00e0bia Negra","url":"https:\/\/xabianegra.com\/","logo":{"@type":"ImageObject","inLanguage":"ca","@id":"https:\/\/xabianegra.com\/#\/schema\/logo\/image\/","url":"https:\/\/xabianegra.com\/wp-content\/uploads\/2021\/10\/ICONO-XABIA_NEGRA.png","contentUrl":"https:\/\/xabianegra.com\/wp-content\/uploads\/2021\/10\/ICONO-XABIA_NEGRA.png","width":181,"height":181,"caption":"X\u00e0bia Negra"},"image":{"@id":"https:\/\/xabianegra.com\/#\/schema\/logo\/image\/"},"sameAs":["https:\/\/m.facebook.com\/XabiaNegra","https:\/\/x.com\/XabiaNegraFest","https:\/\/www.instagram.com\/xabianegra\/"]}]}},"_links":{"self":[{"href":"https:\/\/xabianegra.com\/ca\/wp-json\/wp\/v2\/pages\/1305","targetHints":{"allow":["GET"]}}],"collection":[{"href":"https:\/\/xabianegra.com\/ca\/wp-json\/wp\/v2\/pages"}],"about":[{"href":"https:\/\/xabianegra.com\/ca\/wp-json\/wp\/v2\/types\/page"}],"author":[{"embeddable":true,"href":"https:\/\/xabianegra.com\/ca\/wp-json\/wp\/v2\/users\/1"}],"replies":[{"embeddable":true,"href":"https:\/\/xabianegra.com\/ca\/wp-json\/wp\/v2\/comments?post=1305"}],"version-history":[{"count":23,"href":"https:\/\/xabianegra.com\/ca\/wp-json\/wp\/v2\/pages\/1305\/revisions"}],"predecessor-version":[{"id":3158,"href":"https:\/\/xabianegra.com\/ca\/wp-json\/wp\/v2\/pages\/1305\/revisions\/3158"}],"wp:attachment":[{"href":"https:\/\/xabianegra.com\/ca\/wp-json\/wp\/v2\/media?parent=1305"}],"curies":[{"name":"wp","href":"https:\/\/api.w.org\/{rel}","templated":true}]}}